{"id":34,"date":"2025-01-31T08:21:05","date_gmt":"2025-01-31T14:21:05","guid":{"rendered":"https:\/\/de.artereciclada.com.br\/?page_id=34"},"modified":"2025-03-21T20:22:05","modified_gmt":"2025-03-22T01:22:05","slug":"terms-of-use","status":"publish","type":"page","link":"https:\/\/de.artereciclada.com.br\/fr\/terms-of-use\/","title":{"rendered":"NUTZUNGSBEDINGUNGEN"},"content":{"rendered":"<p>Willkommen bei De Arte! Diese Nutzungsbedingungen regeln Ihren Zugang zur und die Nutzung der Website <a href=\"https:\/\/de.artereciclada.com.br\/fr\/\">https:\/\/de.artereciclada.com.br\/<\/a> (im Folgenden als \u201eWebsite\u201c bezeichnet), die von ARTE RECICLADA mit Hauptsitz in S\u00e3o Paulo, Brasilien, betrieben wird.<\/p>\n\n\n\n<p>Durch den Zugriff auf oder die Nutzung der Website erkl\u00e4ren Sie sich mit diesen Nutzungsbedingungen einverstanden und verpflichten sich, diese einzuhalten. Sollten Sie mit irgendeinem Teil dieser Bedingungen nicht einverstanden sein, nutzen Sie die Website bitte nicht.<\/p>\n\n\n\n<p><strong>1. Annahme der Bedingungen<\/strong><br>Durch den Zugriff auf und die Nutzung der Website best\u00e4tigen Sie, dass Sie diese Nutzungsbedingungen gelesen, verstanden und akzeptiert haben sowie alle anwendbaren Gesetze und Vorschriften einhalten werden. Diese Bedingungen gelten f\u00fcr alle Besucher, Nutzer und sonstige Personen, die auf die Website zugreifen oder sie nutzen.<\/p>\n\n\n\n<p><strong>2. \u00c4nderungen der Bedingungen<\/strong><br>Wir behalten uns das Recht vor, diese Nutzungsbedingungen jederzeit ohne vorherige Ank\u00fcndigung zu \u00e4ndern, zu modifizieren oder zu aktualisieren. Die \u00c4nderungen treten unmittelbar nach der Ver\u00f6ffentlichung auf der Website in Kraft. Es liegt in Ihrer Verantwortung, die Nutzungsbedingungen regelm\u00e4\u00dfig zu \u00fcberpr\u00fcfen, um \u00fcber etwaige \u00c4nderungen informiert zu bleiben. Die fortgesetzte Nutzung der Website nach \u00c4nderungen gilt als Zustimmung zu den neuen Bedingungen.<\/p>\n\n\n\n<p><strong>3. Nutzung der Website<\/strong><\/p>\n\n\n\n<p><em><strong>3.1 Zugangsberechtigung<\/strong><\/em><br>Sie m\u00fcssen mindestens 18 Jahre alt sein, um die Website nutzen zu k\u00f6nnen. Mit der Zustimmung zu diesen Nutzungsbedingungen erkl\u00e4ren und garantieren Sie, dass Sie die Mindestalteranforderung erf\u00fcllen.<\/p>\n\n\n\n<p><em><strong>3.2 Benutzerkonto<\/strong><\/em><br>Um auf bestimmte Funktionen der Website zugreifen zu k\u00f6nnen, m\u00fcssen Sie m\u00f6glicherweise ein Benutzerkonto erstellen. Sie verpflichten sich, w\u00e4hrend des Registrierungsprozesses korrekte, aktuelle und vollst\u00e4ndige Informationen anzugeben und diese Informationen stets aktuell zu halten. Sie sind verantwortlich f\u00fcr die Vertraulichkeit Ihres Passworts sowie f\u00fcr alle Aktivit\u00e4ten, die unter Ihrem Konto stattfinden.<\/p>\n\n\n\n<p><em><strong>3.3 Erlaubte Nutzung<\/strong><\/em><br>Sie verpflichten sich, die Website ausschlie\u00dflich f\u00fcr rechtm\u00e4\u00dfige Zwecke und in \u00dcbereinstimmung mit allen geltenden Gesetzen und Vorschriften zu nutzen. Es ist untersagt, die Website in einer Weise zu verwenden, die diese besch\u00e4digen, deaktivieren, \u00fcberlasten oder beeintr\u00e4chtigen oder die Nutzung der Website durch Dritte st\u00f6ren k\u00f6nnte.<\/p>\n\n\n\n<p><strong>4. Verbote<\/strong><br>Durch die Nutzung der Website verpflichten Sie sich, Folgendes zu unterlassen:<\/p>\n\n\n\n<ul class=\"wp-block-list\">\n<li>Jegliche anwendbare Gesetze oder Vorschriften zu verletzen.<\/li>\n\n\n\n<li>Die geistigen Eigentumsrechte Dritter zu verletzen.<\/li>\n\n\n\n<li>Inhalte einzureichen, zu ver\u00f6ffentlichen, zu \u00fcbertragen oder anderweitig zur Verf\u00fcgung zu stellen, die illegal, diffamierend, anst\u00f6\u00dfig, obsz\u00f6n oder anderweitig rechtswidrig sind oder die Rechte Dritter verletzen.<\/li>\n\n\n\n<li>Die Website zur Verbreitung von Viren, Malware oder sonstigem sch\u00e4dlichen Code zu nutzen.<\/li>\n\n\n\n<li>Ohne Zustimmung pers\u00f6nliche Informationen anderer Nutzer zu sammeln.<\/li>\n\n\n\n<li>Scraping-Techniken oder andere automatisierte Methoden zur Datensammlung von der Website zu verwenden.<\/li>\n<\/ul>\n\n\n\n<p><strong>5. Geistiges Eigentum<\/strong><\/p>\n\n\n\n<p><em><strong>5.1 Urheberrecht<\/strong><\/em><br>Alle Inhalte auf der Website, einschlie\u00dflich Texte, Bilder, Grafiken, Logos, Symbole, Audio- und Videoaufnahmen, sind Eigentum von ARTE RECICLADA oder dessen Lizenzgebern und durch Urheberrechtsgesetze sowie andere Gesetze zum Schutz geistigen Eigentums gesch\u00fctzt.<\/p>\n\n\n\n<p><em><strong>5.2 Nutzungsrecht<\/strong><\/em><br>Wir gew\u00e4hren Ihnen eine eingeschr\u00e4nkte, nicht-exklusive, nicht \u00fcbertragbare und widerrufliche Lizenz zur Nutzung der Website f\u00fcr pers\u00f6nliche, nicht-kommerzielle Zwecke, sofern Sie diese Nutzungsbedingungen einhalten.<\/p>\n\n\n\n<p><em><strong>5.3 Einschr\u00e4nkungen<\/strong><\/em><br>Sie d\u00fcrfen keine Inhalte der Website ohne vorherige schriftliche Genehmigung kopieren, reproduzieren, verbreiten, modifizieren, anzeigen, ver\u00f6ffentlichen oder \u00fcbertragen. Ebenso ist es Ihnen untersagt, ohne ausdr\u00fcckliche Erlaubnis ein auf der Website befindliches Markenzeichen, Logo oder sonstiges Kennzeichen zu verwenden.<\/p>\n\n\n\n<p><strong>6. Benutzerinhalte<\/strong><\/p>\n\n\n\n<p><em><strong>6.1 Verantwortung f\u00fcr Inhalte<\/strong><\/em><br>Sie sind allein verantwortlich f\u00fcr alle Inhalte, die Sie auf der Website ver\u00f6ffentlichen, hochladen, einsenden oder \u00fcbertragen. Durch das Bereitstellen von Inhalten auf der Website r\u00e4umen Sie ARTE RECICLADA eine nicht-exklusive, geb\u00fchrenfreie, weltweite und unbefristete Lizenz ein, diese Inhalte im Zusammenhang mit der Website und den gesch\u00e4ftlichen Aktivit\u00e4ten von ARTE RECICLADA zu nutzen, zu vervielf\u00e4ltigen, zu modifizieren, anzupassen, zu ver\u00f6ffentlichen, zu \u00fcbersetzen, abgeleitete Werke zu erstellen, zu verbreiten, aufzuf\u00fchren und darzustellen.<\/p>\n\n\n\n<p><em><strong>6.2 Entfernung von Inhalten<\/strong><\/em><br>Wir behalten uns das alleinige Recht vor, nach eigenem Ermessen jegliche Inhalte zu entfernen, die wir als unangemessen, anst\u00f6\u00dfig, illegal oder als Versto\u00df gegen diese Nutzungsbedingungen erachten \u2013 und dies ohne vorherige Ank\u00fcndigung.<\/p>\n\n\n\n<p><strong>7. Gew\u00e4hrleistungsausschluss<\/strong><br>Die Website wird \u201ewie besehen\u201c und \u201ewie verf\u00fcgbar\u201c bereitgestellt. ARTE RECICLADA \u00fcbernimmt keinerlei Gew\u00e4hrleistungen, weder ausdr\u00fccklich noch stillschweigend, einschlie\u00dflich, aber nicht beschr\u00e4nkt auf Gew\u00e4hrleistungen der Marktg\u00e4ngigkeit, Eignung f\u00fcr einen bestimmten Zweck oder Nichtverletzung.<\/p>\n\n\n\n<p><strong>8. Haftungsbeschr\u00e4nkung<\/strong><br>Unter keinen Umst\u00e4nden haften ARTE RECICLADA, deren Direktoren, Mitarbeiter, Partner oder verbundene Unternehmen f\u00fcr indirekte, zuf\u00e4llige, spezielle, Folge- oder Strafsch\u00e4den, die sich aus Ihrer Nutzung oder der Unm\u00f6glichkeit der Nutzung der Website ergeben, selbst wenn auf die M\u00f6glichkeit solcher Sch\u00e4den hingewiesen wurde.<\/p>\n\n\n\n<p><strong>9. Freistellung<\/strong><br>Sie erkl\u00e4ren sich damit einverstanden, ARTE RECICLADA, deren Direktoren, Mitarbeiter, Partner und verbundene Unternehmen von jeglichen Anspr\u00fcchen, Sch\u00e4den, Verpflichtungen, Verlusten, Haftungen, Kosten oder Schulden sowie Auslagen (einschlie\u00dflich Anwaltsgeb\u00fchren) freizustellen und schadlos zu halten, die sich aus:<\/p>\n\n\n\n<ul class=\"wp-block-list\">\n<li>Ihrer Nutzung und dem Zugriff auf die Website;<\/li>\n\n\n\n<li>Ihrem Versto\u00df gegen eine Bestimmung dieser Nutzungsbedingungen;<\/li>\n\n\n\n<li>Ihren Benutzerinhalten;<\/li>\n\n\n\n<li>Ihrem Versto\u00df gegen Rechte Dritter, einschlie\u00dflich geistiger Eigentums- oder Datenschutzrechte, ergeben.<\/li>\n<\/ul>\n\n\n\n<p><strong>10. Datenschutz<\/strong><br>Die Nutzung der Website unterliegt auch unserer Datenschutzrichtlinie, in der beschrieben wird, wie wir Ihre pers\u00f6nlichen Daten erheben, verwenden und sch\u00fctzen. Wir empfehlen Ihnen, die Datenschutzrichtlinie sorgf\u00e4ltig zu lesen.<\/p>\n\n\n\n<p><strong>11. Beendigung<\/strong><br>Wir behalten uns das Recht vor, Ihren Zugang zur Website ohne vorherige Ank\u00fcndigung oder Haftung aus jeglichem Grund, einschlie\u00dflich eines Versto\u00dfes gegen diese Nutzungsbedingungen, sofort zu beenden oder auszusetzen. Im Falle einer Beendigung werden alle Ihnen gew\u00e4hrten Lizenzen und Rechte automatisch widerrufen.<\/p>\n\n\n\n<p><strong>12. Anwendbares Recht<\/strong><br>Diese Nutzungsbedingungen unterliegen den Gesetzen der F\u00f6derativen Republik Brasilien und werden in \u00dcbereinstimmung mit diesen ausgelegt, ohne R\u00fccksicht auf Kollisionsnormen. Alle Streitigkeiten, die sich aus oder im Zusammenhang mit diesen Nutzungsbedingungen ergeben, unterliegen der ausschlie\u00dflichen Zust\u00e4ndigkeit der Gerichte in S\u00e3o Paulo, Brasilien.<\/p>\n\n\n\n<p><strong>13. Sonstige Bestimmungen<\/strong><\/p>\n\n\n\n<p><em><strong>13.1 Gesamte Vereinbarung<\/strong><\/em><br>Diese Nutzungsbedingungen stellen die gesamte Vereinbarung zwischen Ihnen und ARTE RECICLADA hinsichtlich der Nutzung der Website dar und ersetzen alle fr\u00fcheren Vereinbarungen, gleich ob schriftlich oder m\u00fcndlich.<\/p>\n\n\n\n<p><em><strong>13.2 Salvatorische Klausel<\/strong><\/em><br>Sollte eine Bestimmung dieser Nutzungsbedingungen von einem zust\u00e4ndigen Gericht als ung\u00fcltig oder nicht durchsetzbar befunden werden, bleiben die \u00fcbrigen Bestimmungen weiterhin in vollem Umfang g\u00fcltig und wirksam.<\/p>\n\n\n\n<p><em><strong>13.3 Verzicht<\/strong><\/em><br>Das Nichtaus\u00fcben oder Nichtdurchsetzen eines Rechts oder einer Bestimmung durch ARTE RECICLADA stellt keinen Verzicht auf dieses Recht oder diese Bestimmung dar.<\/p>\n\n\n\n<p><em><strong>13.4 \u00dcbertragung<\/strong><\/em><br>Sie d\u00fcrfen diese Nutzungsbedingungen oder Teile davon nicht ohne vorherige schriftliche Zustimmung von ARTE RECICLADA \u00fcbertragen oder abtreten. ARTE RECICLADA kann diese Nutzungsbedingungen jederzeit ohne Einschr\u00e4nkung \u00fcbertragen oder abtreten.<\/p>\n\n\n\n<p><strong>Kontakt<\/strong><br>Wenn Sie Fragen zu diesen Nutzungsbedingungen haben, kontaktieren Sie uns bitte per E-Mail an: <a href=\"mailto:contato@artereciclada.com.br\">contato@artereciclada.com.br<\/a>.<\/p>\n\n\n\n<p><strong>Zuletzt aktualisiert: 21. M\u00e4rz 2025<\/strong><\/p>","protected":false},"excerpt":{"rendered":"<p>Willkommen bei De Arte! Diese Nutzungsbedingungen regeln Ihren Zugang zur und die Nutzung der Website https:\/\/de.artereciclada.com.br\/ (im Folgenden als \u201eWebsite\u201c bezeichnet), die von ARTE RECICLADA mit Hauptsitz in S\u00e3o Paulo, Brasilien, betrieben wird. Durch den Zugriff auf oder die Nutzung der Website erkl\u00e4ren Sie sich mit diesen Nutzungsbedingungen einverstanden und verpflichten sich, diese einzuhalten. Sollten [&hellip;]<\/p>\n","protected":false},"author":4,"featured_media":17,"parent":0,"menu_order":0,"comment_status":"closed","ping_status":"closed","template":"","meta":{"footnotes":""},"class_list":["post-34","page","type-page","status-publish","has-post-thumbnail","hentry"],"blocksy_meta":[],"_links":{"self":[{"href":"https:\/\/de.artereciclada.com.br\/fr\/wp-json\/wp\/v2\/pages\/34","targetHints":{"allow":["GET"]}}],"collection":[{"href":"https:\/\/de.artereciclada.com.br\/fr\/wp-json\/wp\/v2\/pages"}],"about":[{"href":"https:\/\/de.artereciclada.com.br\/fr\/wp-json\/wp\/v2\/types\/page"}],"author":[{"embeddable":true,"href":"https:\/\/de.artereciclada.com.br\/fr\/wp-json\/wp\/v2\/users\/4"}],"replies":[{"embeddable":true,"href":"https:\/\/de.artereciclada.com.br\/fr\/wp-json\/wp\/v2\/comments?post=34"}],"version-history":[{"count":3,"href":"https:\/\/de.artereciclada.com.br\/fr\/wp-json\/wp\/v2\/pages\/34\/revisions"}],"predecessor-version":[{"id":173,"href":"https:\/\/de.artereciclada.com.br\/fr\/wp-json\/wp\/v2\/pages\/34\/revisions\/173"}],"wp:featuredmedia":[{"embeddable":true,"href":"https:\/\/de.artereciclada.com.br\/fr\/wp-json\/wp\/v2\/media\/17"}],"wp:attachment":[{"href":"https:\/\/de.artereciclada.com.br\/fr\/wp-json\/wp\/v2\/media?parent=34"}],"curies":[{"name":"wp","href":"https:\/\/api.w.org\/{rel}","templated":true}]}}