{"id":30,"date":"2025-01-31T08:02:13","date_gmt":"2025-01-31T14:02:13","guid":{"rendered":"https:\/\/de.artereciclada.com.br\/?page_id=30"},"modified":"2025-03-21T20:23:11","modified_gmt":"2025-03-22T01:23:11","slug":"cookie-policy","status":"publish","type":"page","link":"https:\/\/de.artereciclada.com.br\/es\/cookie-policy\/","title":{"rendered":"COOKIE-RICHTLINIE"},"content":{"rendered":"<div class=\"cookie-policy\">\n    \n    <p>Willkommen bei <strong>De Arte<\/strong>! Diese Cookie-Richtlinie beschreibt, wie <strong>De Arte<\/strong> (\u201ewir\u201c, \u201eunser\u201c oder \u201euns\u201c) Cookies und \u00e4hnliche Technologien auf der Website <a href=\"https:\/\/de.artereciclada.com.br\/es\/\">de.artereciclada.com.br<\/a> (im Folgenden als \u201eWebsite\u201c bezeichnet) verwendet. Wir verpflichten uns, Ihre Privatsph\u00e4re zu sch\u00fctzen und Transparenz \u00fcber den Einsatz von Cookies gem\u00e4\u00df der Allgemeinen Datenschutzgesetzgebung (LGPD \u2013 Gesetz Nr. 13.709\/2018) zu gew\u00e4hrleisten.<\/p>\n    \n    <h2>1. Was sind Cookies<\/h2>\n    <p>Cookies sind kleine Textdateien, die auf Ihrem Ger\u00e4t (Computer, Tablet, Smartphone) gespeichert werden, wenn Sie eine Website besuchen. Sie werden h\u00e4ufig verwendet, um Websites effizienter zu machen und um den Website-Betreibern Informationen zur Verf\u00fcgung zu stellen.<\/p>\n    \n    <h2>2. Wie wir Cookies verwenden<\/h2>\n    <p>Wir nutzen Cookies f\u00fcr verschiedene Zwecke, unter anderem:<\/p>\n    <ul>\n        <li><strong>Authentifizierung und Sicherheit<\/strong>: Sicherstellen, dass Sie einen sicheren Zugang zur Website und ihren Funktionen haben.<\/li>\n        <li><strong>Analyse und Verbesserung<\/strong>: Verstehen, wie Nutzer mit der Website interagieren, um deren Benutzerfreundlichkeit und Inhalt zu verbessern.<\/li>\n        <li><strong>Personalisierung<\/strong>: Anpassen von Inhalten und Angeboten entsprechend Ihrer Pr\u00e4ferenzen und Ihres Surfverhaltens.<\/li>\n        <li><strong>Werbung<\/strong>: Anzeigen von relevanten und personalisierten Werbeanzeigen sowie Messen der Effektivit\u00e4t von Werbekampagnen.<\/li>\n    <\/ul>\n    \n    <h2>3. Arten von verwendeten Cookies<\/h2>\n    \n    <h3>3.1 Unverzichtbare Cookies<\/h3>\n    <p>Diese Cookies sind f\u00fcr das grundlegende Funktionieren der Website erforderlich. Sie erm\u00f6glichen es Ihnen, sich auf der Website zu bewegen und ihre Funktionen zu nutzen, wie z. B. den Zugang zu sicheren Bereichen. Ohne diese Cookies k\u00f6nnen einige Dienste der Website nicht bereitgestellt werden.<\/p>\n    <strong>Beispiele f\u00fcr den Einsatz:<\/strong>\n    <ul>\n        <li>Aufrechterhaltung Ihrer Login-Sitzung.<\/li>\n        <li>Speichern Ihrer Spracheinstellungen.<\/li>\n    <\/ul>\n    \n    <h3>3.2 Leistungs-Cookies<\/h3>\n    <p>Leistungs-Cookies sammeln Informationen dar\u00fcber, wie Sie die Website nutzen, wie z. B. die am h\u00e4ufigsten besuchten Seiten und ob Sie Fehlermeldungen von Webseiten erhalten. Diese Cookies sammeln keine Informationen, die einen Besucher identifizieren. Alle durch diese Cookies gesammelten Informationen werden aggregiert und sind daher anonym. Sie dienen ausschlie\u00dflich der Verbesserung der Website-Funktionalit\u00e4t.<\/p>\n    <strong>Beispiele f\u00fcr den Einsatz:<\/strong>\n    <ul>\n        <li>Analyse des Website-Verkehrs.<\/li>\n        <li>Identifizieren von Bereichen der Website, die verbessert werden m\u00fcssen.<\/li>\n    <\/ul>\n    \n    <h3>3.3 Funktions-Cookies<\/h3>\n    <p>Diese Cookies erm\u00f6glichen es der Website, sich an Ihre Entscheidungen zu erinnern (wie z. B. Ihren Benutzernamen, Ihre Sprache oder die Region, in der Sie sich befinden) und erweiterte sowie personalisierte Funktionen bereitzustellen. Diese Informationen k\u00f6nnen verwendet werden, um Ihre Pr\u00e4ferenzen bei zuk\u00fcnftigen Besuchen der Website zu speichern.<\/p>\n    <strong>Beispiele f\u00fcr den Einsatz:<\/strong>\n    <ul>\n        <li>Speichern Ihrer Anzeigeeinstellungen.<\/li>\n        <li>Personalisieren der angezeigten Inhalte basierend auf Ihren fr\u00fcheren Entscheidungen.<\/li>\n    <\/ul>\n    \n    <h3>3.4 Werbe-Cookies<\/h3>\n    <p>Werbe-Cookies werden verwendet, um Ihnen Werbeanzeigen anzuzeigen, die f\u00fcr Sie und Ihre Interessen relevanter sind. Sie werden auch eingesetzt, um die H\u00e4ufigkeit zu begrenzen, mit der Ihnen eine bestimmte Anzeige angezeigt wird, und um die Effektivit\u00e4t von Werbekampagnen zu messen.<\/p>\n    <strong>Beispiele f\u00fcr den Einsatz:<\/strong>\n    <ul>\n        <li>Anzeigen von Werbung basierend auf Ihren Interessen.<\/li>\n        <li>Kontrollieren der H\u00e4ufigkeit, mit der Ihnen eine bestimmte Anzeige gezeigt wird.<\/li>\n    <\/ul>\n    \n    <h2>4. Wie wir Cookies einsetzen<\/h2>\n    <ul>\n        <li><strong>Authentifizierung und Sicherheit<\/strong>: Sicherstellen, dass Sie einen sicheren Zugang zur Website und ihren Funktionen haben.<\/li>\n        <li><strong>Analyse und Verbesserung<\/strong>: Verstehen, wie Nutzer mit der Website interagieren, um deren Benutzerfreundlichkeit und Inhalt zu verbessern.<\/li>\n        <li><strong>Personalisierung<\/strong>: Anpassen von Inhalten und Angeboten entsprechend Ihrer Pr\u00e4ferenzen und Ihres Surfverhaltens.<\/li>\n        <li><strong>Werbung<\/strong>: Anzeigen von relevanten und personalisierten Werbeanzeigen sowie Messen der Effektivit\u00e4t von Werbekampagnen.<\/li>\n    <\/ul>\n    \n    <h2>5. Verwaltung von Cookies<\/h2>\n    <p>Nutzer haben die M\u00f6glichkeit, Cookies von jeder Website, einschlie\u00dflich unserer, jederzeit zu blockieren oder zu deaktivieren, indem sie ihre Interneteinstellungen anpassen.<\/p>\n    \n    <h3>5.1 So blockieren Sie Cookies<\/h3>\n    <p>Hier finden Sie Links zu den Hilfeseiten der g\u00e4ngigen Browser, die Sie bei diesem Vorgang unterst\u00fctzen k\u00f6nnen:<\/p>\n    <ul>\n        <li><strong><a href=\"https:\/\/support.microsoft.com\/en-us\/microsoft-edge\/delete-cookies-in-microsoft-edge-63947406-40ac-c3b8-57b9-2a946a29ae09\" target=\"_blank\" rel=\"noopener\">Microsoft Edge<\/a><\/strong><\/li>\n        <li><strong><a href=\"https:\/\/support.mozilla.org\/en-US\/kb\/enable-and-disable-cookies-website-preferences\" target=\"_blank\" rel=\"noopener\">Mozilla Firefox<\/a><\/strong><\/li>\n        <li><strong><a href=\"https:\/\/support.google.com\/chrome\/answer\/95647?hl=en\" target=\"_blank\" rel=\"noopener\">Google Chrome<\/a><\/strong><\/li>\n        <li><strong><a href=\"https:\/\/help.opera.com\/en\/latest\/web-preferences\/#cookies\" target=\"_blank\" rel=\"noopener\">Opera<\/a><\/strong><\/li>\n        <li><strong><a href=\"https:\/\/support.apple.com\/guide\/safari\/manage-cookies-and-website-data-sfri11471\/mac\" target=\"_blank\" rel=\"noopener\">Safari<\/a><\/strong><\/li>\n    <\/ul>\n    \n    <h3>5.2 Personalisierte Werbung deaktivieren<\/h3>\n    <p>Wenn Sie personalisierte Werbung von Google deaktivieren m\u00f6chten, k\u00f6nnen Sie Ihre Einstellungen in den <a href=\"https:\/\/adssettings.google.com\/authenticated\" target=\"_blank\" rel=\"noopener\">Google Ads Einstellungen<\/a> \u00e4ndern.<\/p>\n    <p>Um personalisierte Werbung von Drittanbietern zu deaktivieren, besuchen Sie <a href=\"https:\/\/www.aboutads.info\" target=\"_blank\" rel=\"noopener\">www.aboutads.info<\/a>, wo Sie Anleitungen zur Verwaltung Ihrer Werbepr\u00e4ferenzen \u00fcber verschiedene Plattformen hinweg finden.<\/p>\n    \n    <strong>Schritte zur Deaktivierung personalisierter Werbung:<\/strong>\n    <ol>\n        <li><strong>Bei Google:<\/strong>\n            <ul>\n                <li>Besuchen Sie die <a href=\"https:\/\/adssettings.google.com\/authenticated\" target=\"_blank\" rel=\"noopener\">Google Ads Einstellungen<\/a>.<\/li>\n                <li>Schalten Sie die Option \u201eWerbepersonalisierung\u201c aus.<\/li>\n            <\/ul>\n        <\/li>\n        <li><strong>Bei Drittanbietern:<\/strong>\n            <ul>\n                <li>Besuchen Sie <a href=\"https:\/\/www.aboutads.info\" target=\"_blank\" rel=\"noopener\">www.aboutads.info<\/a>.<\/li>\n                <li>Befolgen Sie die Anweisungen zur Verwaltung Ihrer Werbepr\u00e4ferenzen \u00fcber verschiedene Plattformen und Ger\u00e4te hinweg.<\/li>\n            <\/ul>\n        <\/li>\n    <\/ol>\n    \n    <h2>6. Einwilligung<\/h2>\n    <p>Durch die Nutzung unserer Website stimmen Sie der Verwendung von Cookies gem\u00e4\u00df dieser Cookie-Richtlinie zu. Sollten Sie mit der Nutzung bestimmter Cookie-Arten nicht einverstanden sein, k\u00f6nnen Sie Ihre Cookie-Einstellungen gem\u00e4\u00df den oben bereitgestellten Anweisungen anpassen. Bitte beachten Sie jedoch, dass das Deaktivieren einiger Cookies Ihre Nutzungserfahrung auf der Website beeintr\u00e4chtigen und den Zugriff auf bestimmte Funktionen einschr\u00e4nken kann.<\/p>\n    \n    <h2>7. Aktualisierungen der Cookie-Richtlinie<\/h2>\n    <p>Wir k\u00f6nnen diese Cookie-Richtlinie von Zeit zu Zeit aktualisieren, um \u00c4nderungen in unseren Praktiken oder aus rechtlichen Gr\u00fcnden Rechnung zu tragen. Bei \u00c4nderungen aktualisieren wir das Datum \u201eZuletzt aktualisiert\u201c am Ende dieser Richtlinie und ver\u00f6ffentlichen die \u00fcberarbeitete Version auf der Website. Wir empfehlen, diese Cookie-Richtlinie regelm\u00e4\u00dfig zu \u00fcberpr\u00fcfen, um sich \u00fcber unsere Cookie-Nutzung zu informieren.<\/p>\n    \n    <h2>8. Dienste von Drittanbietern<\/h2>\n    <p>Wir k\u00f6nnen Dienste von Drittanbietern nutzen, um zus\u00e4tzliche Funktionen auf der Website bereitzustellen, wie z. B. Zahlungsabwicklung, Datenanalyse und Content-Hosting. Diese Drittanbieter erhalten ausschlie\u00dflich Zugriff auf Ihre personenbezogenen Daten, um diese Aufgaben in unserem Auftrag zu erf\u00fcllen, und sind verpflichtet, solche Informationen gem\u00e4\u00df dieser Datenschutzrichtlinie und der LGPD zu sch\u00fctzen.<\/p>\n    \n    <h2>9. Datenschutz von Kindern<\/h2>\n    <p>Unsere Website ist nicht f\u00fcr Kinder unter 18 Jahren bestimmt. Wir erheben nicht wissentlich personenbezogene Daten von Kindern. Sollten wir feststellen, dass wir unbeabsichtigt personenbezogene Daten eines Kindes erhoben haben, werden wir unverz\u00fcglich Ma\u00dfnahmen zur L\u00f6schung dieser Daten ergreifen.<\/p>\n    \n    <h2>10. Kontakt<\/h2>\n    <p>Wenn Sie Fragen zu dieser Cookie-Richtlinie haben, kontaktieren Sie uns bitte per E-Mail an <a href=\"mailto:contato@artereciclada.com.br\">contato@artereciclada.com.br<\/a>.<\/p>\n    \n    <hr>\n    \n    <p class=\"last-updated\">Zuletzt aktualisiert: 21. M\u00e4rz 2025<\/p>\n<\/div>\n\n\n\n<p><\/p>","protected":false},"excerpt":{"rendered":"<p>Willkommen bei De Arte! Diese Cookie-Richtlinie beschreibt, wie De Arte (\u201ewir\u201c, \u201eunser\u201c oder \u201euns\u201c) Cookies und \u00e4hnliche Technologien auf der Website de.artereciclada.com.br (im Folgenden als \u201eWebsite\u201c bezeichnet) verwendet. Wir verpflichten uns, Ihre Privatsph\u00e4re zu sch\u00fctzen und Transparenz \u00fcber den Einsatz von Cookies gem\u00e4\u00df der Allgemeinen Datenschutzgesetzgebung (LGPD \u2013 Gesetz Nr. 13.709\/2018) zu gew\u00e4hrleisten. 1. Was [&hellip;]<\/p>\n","protected":false},"author":4,"featured_media":17,"parent":0,"menu_order":0,"comment_status":"closed","ping_status":"closed","template":"","meta":{"footnotes":""},"class_list":["post-30","page","type-page","status-publish","has-post-thumbnail","hentry"],"blocksy_meta":[],"_links":{"self":[{"href":"https:\/\/de.artereciclada.com.br\/es\/wp-json\/wp\/v2\/pages\/30","targetHints":{"allow":["GET"]}}],"collection":[{"href":"https:\/\/de.artereciclada.com.br\/es\/wp-json\/wp\/v2\/pages"}],"about":[{"href":"https:\/\/de.artereciclada.com.br\/es\/wp-json\/wp\/v2\/types\/page"}],"author":[{"embeddable":true,"href":"https:\/\/de.artereciclada.com.br\/es\/wp-json\/wp\/v2\/users\/4"}],"replies":[{"embeddable":true,"href":"https:\/\/de.artereciclada.com.br\/es\/wp-json\/wp\/v2\/comments?post=30"}],"version-history":[{"count":3,"href":"https:\/\/de.artereciclada.com.br\/es\/wp-json\/wp\/v2\/pages\/30\/revisions"}],"predecessor-version":[{"id":174,"href":"https:\/\/de.artereciclada.com.br\/es\/wp-json\/wp\/v2\/pages\/30\/revisions\/174"}],"wp:featuredmedia":[{"embeddable":true,"href":"https:\/\/de.artereciclada.com.br\/es\/wp-json\/wp\/v2\/media\/17"}],"wp:attachment":[{"href":"https:\/\/de.artereciclada.com.br\/es\/wp-json\/wp\/v2\/media?parent=30"}],"curies":[{"name":"wp","href":"https:\/\/api.w.org\/{rel}","templated":true}]}}