{"id":32,"date":"2025-01-31T08:17:17","date_gmt":"2025-01-31T14:17:17","guid":{"rendered":"https:\/\/de.artereciclada.com.br\/?page_id=32"},"modified":"2025-03-21T20:20:18","modified_gmt":"2025-03-22T01:20:18","slug":"about-us","status":"publish","type":"page","link":"https:\/\/de.artereciclada.com.br\/en_gb\/about-us\/","title":{"rendered":"\u00dcBER UNS"},"content":{"rendered":"<p>Willkommen bei De Arte!<\/p>\n\n\n\n<p>Bei De Arte sind wir der Meinung, dass Sch\u00f6nheit in den kleinen Dingen und in der Schlichtheit des Alltags liegt. Unsere Plattform wurde aus einer Leidenschaft f\u00fcr die Erforschung der Welt der Kunst und Nachhaltigkeit ins Leben gerufen und bietet Tipps und Inspirationen, damit jeder seine eigene kreative Essenz entdecken und wertsch\u00e4tzen kann.<\/p>\n\n\n\n<p><strong>Unsere Mission<\/strong><\/p>\n\n\n\n<p>Unsere Mission ist es, Wissen und Trends rund um nachhaltige Kunst, Kreativit\u00e4t und Recycling zu teilen. Wir m\u00f6chten Menschen jeden Alters bef\u00e4higen, indem wir ihnen helfen, durch umweltfreundliche k\u00fcnstlerische Praktiken Selbstvertrauen und Balance zu finden \u2013 stets im Zeichen von Nat\u00fcrlichkeit und Authentizit\u00e4t.<\/p>\n\n\n\n<p><strong>Was wir tun<\/strong><\/p>\n\n\n\n<p>Bei De Arte bieten wir vielf\u00e4ltige Inhalte, darunter DIY-Recycling-Kunstprojekte, nachhaltige Kunsttechniken, Neuigkeiten aus der Eco-Art-Welt und vieles mehr. Jeder Artikel ist darauf ausgerichtet, n\u00fctzlich, praktisch und inspirierend zu sein \u2013 mit dem Ziel, deinen einzigartigen k\u00fcnstlerischen Ausdruck zu f\u00f6rdern und gleichzeitig Umweltverantwortung zu unterst\u00fctzen.<\/p>\n\n\n\n<p><strong>Unsere Vision<\/strong><\/p>\n\n\n\n<p>Wir sind \u00fcberzeugt, dass Kunst \u00fcber die reine \u00c4sthetik hinausgeht \u2013 sie pr\u00e4gt, wie wir erschaffen, uns selbst wahrnehmen und mit unserer Umwelt in Verbindung treten. Unsere Vision ist es, einen Raum zu schaffen, in dem K\u00fcnstler und umweltbewusste Menschen lernen, sich inspirieren lassen und mit Kreativit\u00e4t und Nachhaltigkeit den t\u00e4glichen Herausforderungen selbstbewusst begegnen k\u00f6nnen.<\/p>\n\n\n\n<p><strong>Mach mit<\/strong><\/p>\n\n\n\n<p>Wir laden dich ein, unsere Plattform zu erkunden, neue nachhaltige Kunsttipps zu entdecken und die Schlichtheit als Weg zur k\u00fcnstlerischen Ausdruckskraft zu umarmen. Egal, ob du eine neue Recycling-Kunsttechnik erlernen, umweltfreundliche Produkte entdecken oder einfach nur Inspiration finden m\u00f6chtest \u2013 De Arte ist der richtige Ort f\u00fcr dich.<\/p>\n\n\n\n<p>Entdecke die Kunst der Nachhaltigkeit in der Schlichtheit der Dinge!<\/p>\n\n\n\n<p><strong>Kontaktinformationen<\/strong><\/p>\n\n\n\n<p>Wenn du Fragen hast oder mit uns in Kontakt treten m\u00f6chtest, schreib uns gerne an: <a>contato@artereciclada.com.br<\/a><br>Besuche uns auch unter: <a href=\"https:\/\/de.artereciclada.com.br\/en_gb\/\">https:\/\/de.artereciclada.com.br\/<\/a><\/p>\n\n\n\n<p><strong>Zuletzt aktualisiert: 21. M\u00e4rz 2025<\/strong><\/p>\n\n\n\n<p><\/p>","protected":false},"excerpt":{"rendered":"<p>Willkommen bei De Arte! Bei De Arte sind wir der Meinung, dass Sch\u00f6nheit in den kleinen Dingen und in der Schlichtheit des Alltags liegt. Unsere Plattform wurde aus einer Leidenschaft f\u00fcr die Erforschung der Welt der Kunst und Nachhaltigkeit ins Leben gerufen und bietet Tipps und Inspirationen, damit jeder seine eigene kreative Essenz entdecken und [&hellip;]<\/p>\n","protected":false},"author":4,"featured_media":0,"parent":0,"menu_order":0,"comment_status":"closed","ping_status":"closed","template":"","meta":{"footnotes":""},"class_list":["post-32","page","type-page","status-publish","hentry"],"blocksy_meta":[],"_links":{"self":[{"href":"https:\/\/de.artereciclada.com.br\/en_gb\/wp-json\/wp\/v2\/pages\/32","targetHints":{"allow":["GET"]}}],"collection":[{"href":"https:\/\/de.artereciclada.com.br\/en_gb\/wp-json\/wp\/v2\/pages"}],"about":[{"href":"https:\/\/de.artereciclada.com.br\/en_gb\/wp-json\/wp\/v2\/types\/page"}],"author":[{"embeddable":true,"href":"https:\/\/de.artereciclada.com.br\/en_gb\/wp-json\/wp\/v2\/users\/4"}],"replies":[{"embeddable":true,"href":"https:\/\/de.artereciclada.com.br\/en_gb\/wp-json\/wp\/v2\/comments?post=32"}],"version-history":[{"count":3,"href":"https:\/\/de.artereciclada.com.br\/en_gb\/wp-json\/wp\/v2\/pages\/32\/revisions"}],"predecessor-version":[{"id":172,"href":"https:\/\/de.artereciclada.com.br\/en_gb\/wp-json\/wp\/v2\/pages\/32\/revisions\/172"}],"wp:attachment":[{"href":"https:\/\/de.artereciclada.com.br\/en_gb\/wp-json\/wp\/v2\/media?parent=32"}],"curies":[{"name":"wp","href":"https:\/\/api.w.org\/{rel}","templated":true}]}}